{"id":94,"date":"2025-03-04T21:56:51","date_gmt":"2025-03-04T20:56:51","guid":{"rendered":"https:\/\/notredamedesflots-brest.com\/?page_id=94"},"modified":"2025-03-21T16:22:46","modified_gmt":"2025-03-21T15:22:46","slug":"primaire","status":"publish","type":"page","link":"https:\/\/notredamedesflots-brest.com\/index.php\/primaire\/","title":{"rendered":"Primaire"},"content":{"rendered":"\n<h2 class=\"wp-block-heading\">Projet p\u00e9dagogique<\/h2>\n\n\n\n<p>Le projet p\u00e9dagogique de l\u2019\u00e9cole primaire Notre Dame des Flots s\u2019inscrit dans une d\u00e9marche d\u2019<strong>accompagnement des parents dans l\u2019\u00e9ducation<\/strong> de leurs enfants. Il vise \u00e0 <strong>faire grandir chaque \u00e9l\u00e8ve dans la joie et la confiance<\/strong>, en l\u2019aidant \u00e0 d\u00e9velopper ses talents tout en cultivant la recherche du Bien et le sens de l\u2019effort. L\u2019enseignement repose sur des m\u00e9thodes classiques qui structurent la pens\u00e9e et forment l\u2019intelligence, tout en accordant une place essentielle \u00e0 la vie int\u00e9rieure et \u00e0 la Foi.<\/p>\n\n\n\n<div class=\"wp-block-columns is-layout-flex wp-container-core-columns-is-layout-9d6595d7 wp-block-columns-is-layout-flex\">\n<div class=\"wp-block-column is-layout-flow wp-block-column-is-layout-flow\">\n<h3 class=\"wp-block-heading\">Fran\u00e7ais<\/h3>\n\n\n\n<p>L\u2019apprentissage du fran\u00e7ais s\u2019appuie sur une m\u00e9thode alphab\u00e9tique et syllabique pour la lecture, une grammaire rigoureuse, des dict\u00e9es fr\u00e9quentes et la m\u00e9morisation de textes litt\u00e9raires. L\u2019objectif est d\u2019affiner l\u2019expression \u00e9crite et orale, en donnant aux \u00e9l\u00e8ves les outils n\u00e9cessaires pour organiser et pr\u00e9ciser leur pens\u00e9e.<\/p>\n\n\n\n<h3 class=\"wp-block-heading\">Math\u00e9matiques<\/h3>\n\n\n\n<p>L\u2019accent est mis sur le calcul mental quotidien, la ma\u00eetrise des op\u00e9rations et le raisonnement logique \u00e0 travers des exercices de r\u00e9solution de probl\u00e8mes et de g\u00e9om\u00e9trie.<\/p>\n\n\n\n<h3 class=\"wp-block-heading\">Histoire &#8211; G\u00e9ographie<\/h3>\n\n\n\n<p>L\u2019histoire et la g\u00e9ographie sont enseign\u00e9es de mani\u00e8re chronologique afin de structurer les connaissances et d\u2019aider au d\u00e9veloppement d\u2019un esprit critique fond\u00e9 sur une m\u00e9moire fid\u00e8le.<\/p>\n\n\n\n<h3 class=\"wp-block-heading\">Cat\u00e9chisme<\/h3>\n\n\n\n<p>Le cat\u00e9chisme joue un r\u00f4le central dans l\u2019ancrage des enseignements, donnant du sens \u00e0 l\u2019ensemble du programme.<\/p>\n\n\n\n<h3 class=\"wp-block-heading\">Arts<\/h3>\n\n\n\n<p>Les disciplines artistiques et culturelles occupent \u00e9galement une place importante : le chant, la danse et le th\u00e9\u00e2tre favorisent l\u2019expression, la confiance en soi et la d\u00e9couverte du Beau. L\u2019apprentissage d\u2019une langue vivante en CM1-CM2 ouvre les \u00e9l\u00e8ves \u00e0 d\u2019autres cultures, tandis que le dessin et les arts plastiques stimulent leur cr\u00e9ativit\u00e9 et leur sens esth\u00e9tique.<\/p>\n<\/div>\n\n\n\n<div class=\"wp-block-column is-vertically-aligned-top is-layout-flow wp-block-column-is-layout-flow\"><div class=\"wp-block-image\">\n<figure class=\"aligncenter size-full\"><img loading=\"lazy\" decoding=\"async\" width=\"559\" height=\"419\" src=\"http:\/\/notredamedesflots-brest.com\/wp-content\/uploads\/2025\/03\/classe_CM.avif\" alt=\"\" class=\"wp-image-285\"\/><\/figure>\n<\/div>\n\n\n<div class=\"wp-block-buttons is-content-justification-center is-layout-flex wp-container-core-buttons-is-layout-16018d1d wp-block-buttons-is-layout-flex\">\n<div class=\"wp-block-button\"><a class=\"wp-block-button__link has-text-align-center wp-element-button\" href=\"https:\/\/notredamedesflots-brest.com\/wp-content\/uploads\/2025\/03\/projet_pedagogique_primaire.pdf\" target=\"_blank\" rel=\"noreferrer noopener\">Projet p\u00e9dagogique complet (pdf)<\/a><\/div>\n<\/div>\n<\/div>\n<\/div>\n\n\n\n<div class=\"wp-block-columns alignfull is-layout-flex wp-container-core-columns-is-layout-9d6595d7 wp-block-columns-is-layout-flex\">\n<div class=\"wp-block-column has-theme-palette-9-background-color has-background is-layout-flow wp-block-column-is-layout-flow\">\n<h2 class=\"wp-block-heading has-text-align-center\" style=\"padding-top:var(--wp--preset--spacing--20);padding-bottom:var(--wp--preset--spacing--20)\">L&rsquo;\u00e9quipe enseignante<\/h2>\n\n\n\n<div class=\"wp-block-columns is-layout-flex wp-container-core-columns-is-layout-9d6595d7 wp-block-columns-is-layout-flex\">\n<div class=\"wp-block-column is-layout-flow wp-block-column-is-layout-flow\"><div class=\"wp-block-image\">\n<figure class=\"aligncenter size-full\"><img loading=\"lazy\" decoding=\"async\" width=\"182\" height=\"216\" src=\"http:\/\/notredamedesflots-brest.com\/wp-content\/uploads\/2025\/03\/veronique.jpg\" alt=\"\" class=\"wp-image-431\"\/><\/figure>\n<\/div>\n\n\n<p class=\"has-text-align-center\"><strong>V\u00e9ronique Pipon<\/strong><br>Coordinatrice p\u00e9dagogique primaire<\/p>\n<\/div>\n\n\n\n<div class=\"wp-block-column is-vertically-aligned-center is-layout-flow wp-block-column-is-layout-flow\">\n<p class=\"has-text-align-center\"><strong>Rebecca Mar\u00e9chal<\/strong><br>Ma\u00eetresse CM1 &#8211; CM2<\/p>\n<\/div>\n\n\n\n<div class=\"wp-block-column is-layout-flow wp-block-column-is-layout-flow\"><div class=\"wp-block-image\">\n<figure class=\"aligncenter size-full\"><img loading=\"lazy\" decoding=\"async\" width=\"182\" height=\"216\" src=\"https:\/\/notredamedesflots-brest.com\/wp-content\/uploads\/2025\/03\/abbe_servigny.jpg\" alt=\"\" class=\"wp-image-354\"\/><\/figure>\n<\/div>\n\n\n<p class=\"has-text-align-center\"><strong>Abb\u00e9 de Servigny<\/strong><br>Aum\u00f4nier<\/p>\n<\/div>\n<\/div>\n<\/div>\n<\/div>\n\n\n\n<p><\/p>\n","protected":false},"excerpt":{"rendered":"<p>Projet p\u00e9dagogique Le projet p\u00e9dagogique de l\u2019\u00e9cole primaire Notre Dame des Flots s\u2019inscrit dans une d\u00e9marche d\u2019accompagnement des parents dans l\u2019\u00e9ducation de leurs enfants. Il vise \u00e0 faire grandir chaque \u00e9l\u00e8ve dans la joie et la confiance, en l\u2019aidant \u00e0 d\u00e9velopper ses talents tout en cultivant la recherche du Bien et le sens de l\u2019effort&#8230;.<\/p>\n","protected":false},"author":1,"featured_media":17,"parent":0,"menu_order":0,"comment_status":"closed","ping_status":"closed","template":"","meta":{"_kad_post_transparent":"","_kad_post_title":"","_kad_post_layout":"","_kad_post_sidebar_id":"","_kad_post_content_style":"","_kad_post_vertical_padding":"","_kad_post_feature":"","_kad_post_feature_position":"","_kad_post_header":false,"_kad_post_footer":false,"footnotes":""},"class_list":["post-94","page","type-page","status-publish","has-post-thumbnail","hentry"],"jetpack_sharing_enabled":true,"_links":{"self":[{"href":"https:\/\/notredamedesflots-brest.com\/index.php\/wp-json\/wp\/v2\/pages\/94","targetHints":{"allow":["GET"]}}],"collection":[{"href":"https:\/\/notredamedesflots-brest.com\/index.php\/wp-json\/wp\/v2\/pages"}],"about":[{"href":"https:\/\/notredamedesflots-brest.com\/index.php\/wp-json\/wp\/v2\/types\/page"}],"author":[{"embeddable":true,"href":"https:\/\/notredamedesflots-brest.com\/index.php\/wp-json\/wp\/v2\/users\/1"}],"replies":[{"embeddable":true,"href":"https:\/\/notredamedesflots-brest.com\/index.php\/wp-json\/wp\/v2\/comments?post=94"}],"version-history":[{"count":12,"href":"https:\/\/notredamedesflots-brest.com\/index.php\/wp-json\/wp\/v2\/pages\/94\/revisions"}],"predecessor-version":[{"id":444,"href":"https:\/\/notredamedesflots-brest.com\/index.php\/wp-json\/wp\/v2\/pages\/94\/revisions\/444"}],"wp:featuredmedia":[{"embeddable":true,"href":"https:\/\/notredamedesflots-brest.com\/index.php\/wp-json\/wp\/v2\/media\/17"}],"wp:attachment":[{"href":"https:\/\/notredamedesflots-brest.com\/index.php\/wp-json\/wp\/v2\/media?parent=94"}],"curies":[{"name":"wp","href":"https:\/\/api.w.org\/{rel}","templated":true}]}}