{"id":96,"date":"2025-03-04T21:57:41","date_gmt":"2025-03-04T20:57:41","guid":{"rendered":"https:\/\/notredamedesflots-brest.com\/?page_id=96"},"modified":"2025-05-12T19:39:06","modified_gmt":"2025-05-12T17:39:06","slug":"college","status":"publish","type":"page","link":"https:\/\/notredamedesflots-brest.com\/index.php\/college\/","title":{"rendered":"Coll\u00e8ge"},"content":{"rendered":"\n<h2 class=\"wp-block-heading\">Projet p\u00e9dagogique<\/h2>\n\n\n\n<p>Le projet p\u00e9dagogique du coll\u00e8ge Notre Dame des Flots repose sur une organisation rigoureuse qui respecte le rythme biologique des adolescents, avec un enseignement des mati\u00e8res fondamentales le matin pour favoriser la concentration et l\u2019apprentissage. L\u2019accent est mis sur les humanit\u00e9s et la culture g\u00e9n\u00e9rale, avec une s\u00e9lection rigoureuse des manuels et des r\u00e9f\u00e9rences fond\u00e9es sur les valeurs du <strong>Beau<\/strong>, du <strong>Vrai<\/strong> et du <strong>Bien<\/strong>. L\u2019objectif est de d\u00e9velopper chez chaque \u00e9l\u00e8ve une <strong>m\u00e9thode de travail adapt\u00e9e<\/strong>, une <strong>expression claire<\/strong> et pr\u00e9cise, ainsi qu\u2019un <strong>esprit critique<\/strong> aff\u00fbt\u00e9.<\/p>\n\n\n\n<div class=\"wp-block-columns is-layout-flex wp-container-core-columns-is-layout-9d6595d7 wp-block-columns-is-layout-flex\">\n<div class=\"wp-block-column is-layout-flow wp-block-column-is-layout-flow\">\n<h3 class=\"wp-block-heading\">Fran\u00e7ais<\/h3>\n\n\n\n<p>L\u2019enseignement du fran\u00e7ais vise \u00e0 former des esprits libres et capables de r\u00e9flexion, avec un apprentissage approfondi de la grammaire, de l\u2019argumentation et de la r\u00e9daction d\u00e8s la 6<sup>\u00e8me<\/sup>. L\u2019\u00e9tude des grandes \u0153uvres litt\u00e9raires et l\u2019apprentissage de textes po\u00e9tiques contribue \u00e0 l\u2019acquisition d\u2019une culture g\u00e9n\u00e9rale solide.<\/p>\n\n\n\n<h3 class=\"wp-block-heading\">Math\u00e9matiques<\/h3>\n\n\n\n<p>Cet enseignement d\u00e9veloppe la logique, la rigueur et la m\u00e9morisation des propri\u00e9t\u00e9s et th\u00e9or\u00e8mes. Le raisonnement et les d\u00e9monstrations sont l\u2019objet principal des le\u00e7ons, les exercices nombreux permettent la ma\u00eetrise par l\u2019application.<\/p>\n\n\n\n<h3 class=\"wp-block-heading\">Langues<\/h3>\n\n\n\n<p>L&rsquo;anglais est \u00e9tudi\u00e9 en premi\u00e8re langue. La progression est bas\u00e9e les trois<br>premi\u00e8res ann\u00e9es sur des notions de grammaire structurante, l\u2019oral est travaill\u00e9 \u00e9galement \u00e0 chaque cours. <br>M\u00eame approche pour l\u2019espagnol qui est propos\u00e9 en deuxi\u00e8me langue.<\/p>\n\n\n\n<p>Le latin, enseign\u00e9 d\u00e8s la 6<sup>\u00e8me<\/sup>, contribue \u00e0 la structuration de la pens\u00e9e et au d\u00e9veloppement d\u2019une m\u00e9thodologie rigoureuse.<\/p>\n\n\n\n<h3 class=\"wp-block-heading\">Histoire &#8211; G\u00e9ographie &#8211; EMC<\/h3>\n\n\n\n<p>L\u2019histoire et la g\u00e9ographie sont enseign\u00e9es de mani\u00e8re chronologique, et l\u2019\u00e9ducation morale et civique (EMC) permet aux \u00e9l\u00e8ves d\u2019approfondir leur compr\u00e9hension des responsabilit\u00e9s citoyennes et des valeurs chr\u00e9tiennes.<\/p>\n\n\n\n<h3 class=\"wp-block-heading\">Instruction religieuse<\/h3>\n\n\n\n<p>L\u2019enseignement religieux joue un r\u00f4le central, avec des cours hebdomadaires fond\u00e9s sur le cat\u00e9chisme de l\u2019\u00c9glise catholique, accompagn\u00e9s d\u2019une r\u00e9flexion sur les vertus et les valeurs morales.<\/p>\n\n\n\n<h3 class=\"wp-block-heading\">Sciences<\/h3>\n\n\n\n<p>Les sciences, incluant la biologie, la physique et la chimie, sont abord\u00e9es en coh\u00e9rence avec une vision chr\u00e9tienne de l\u2019homme et du monde.<\/p>\n\n\n\n<h3 class=\"wp-block-heading\">Art et sport<\/h3>\n\n\n\n<p>Les disciplines artistiques et d\u2019\u00e9veil, comme la musique, le chant, le th\u00e9\u00e2tre, le dessin et l\u2019histoire de l\u2019art, offrent aux \u00e9l\u00e8ves un espace d\u2019expression et de d\u00e9couverte du Beau. L\u2019\u00e9ducation physique et sportive favorise quant \u00e0 elle le d\u00e9passement de soi, la pers\u00e9v\u00e9rance et la coh\u00e9sion de groupe.<\/p>\n<\/div>\n\n\n\n<div class=\"wp-block-column is-layout-flow wp-block-column-is-layout-flow\"><div class=\"wp-block-image\">\n<figure class=\"aligncenter size-large\"><img decoding=\"async\" src=\"http:\/\/notredamedesflots-brest.com\/wp-content\/uploads\/2025\/03\/20231114_093507-1024x1024.jpg\" alt=\"\" class=\"wp-image-68\"\/><\/figure>\n<\/div>\n\n\n<figure class=\"wp-block-image size-large\"><img loading=\"lazy\" decoding=\"async\" width=\"1024\" height=\"681\" src=\"https:\/\/notredamedesflots-brest.com\/wp-content\/uploads\/2025\/03\/LBH_8198-1024x681.jpg\" alt=\"\" class=\"wp-image-423\" srcset=\"https:\/\/notredamedesflots-brest.com\/wp-content\/uploads\/2025\/03\/LBH_8198-1024x681.jpg 1024w, https:\/\/notredamedesflots-brest.com\/wp-content\/uploads\/2025\/03\/LBH_8198-scaled-600x399.jpg 600w, https:\/\/notredamedesflots-brest.com\/wp-content\/uploads\/2025\/03\/LBH_8198-300x200.jpg 300w, https:\/\/notredamedesflots-brest.com\/wp-content\/uploads\/2025\/03\/LBH_8198-768x511.jpg 768w, https:\/\/notredamedesflots-brest.com\/wp-content\/uploads\/2025\/03\/LBH_8198-1536x1022.jpg 1536w, https:\/\/notredamedesflots-brest.com\/wp-content\/uploads\/2025\/03\/LBH_8198-2048x1363.jpg 2048w\" sizes=\"auto, (max-width: 1024px) 100vw, 1024px\" \/><\/figure>\n\n\n\n<div class=\"wp-block-buttons is-content-justification-center is-layout-flex wp-container-core-buttons-is-layout-16018d1d wp-block-buttons-is-layout-flex\">\n<div class=\"wp-block-button\"><a class=\"wp-block-button__link wp-element-button\" href=\"https:\/\/notredamedesflots-brest.com\/wp-content\/uploads\/2025\/03\/projet_pedagogique_college.pdf\" target=\"_blank\" rel=\"noreferrer noopener\">Projet p\u00e9dagogique complet (pdf)<\/a><\/div>\n<\/div>\n<\/div>\n<\/div>\n\n\n\n<div class=\"wp-block-columns alignfull has-theme-palette-9-background-color has-background is-layout-flex wp-container-core-columns-is-layout-9d6595d7 wp-block-columns-is-layout-flex\">\n<div class=\"wp-block-column is-layout-flow wp-block-column-is-layout-flow\" style=\"flex-basis:100%\">\n<h2 class=\"wp-block-heading has-text-align-center\">L&rsquo;\u00e9quipe enseignante<\/h2>\n\n\n\n<div class=\"wp-block-columns is-layout-flex wp-container-core-columns-is-layout-9d6595d7 wp-block-columns-is-layout-flex\">\n<div class=\"wp-block-column is-layout-flow wp-block-column-is-layout-flow\"><div class=\"wp-block-image\">\n<figure class=\"aligncenter size-full\"><img loading=\"lazy\" decoding=\"async\" width=\"182\" height=\"216\" src=\"http:\/\/notredamedesflots-brest.com\/wp-content\/uploads\/2025\/03\/cecile.jpg\" alt=\"\" class=\"wp-image-430\"\/><\/figure>\n<\/div>\n\n\n<p class=\"has-text-align-center\"><strong>C\u00e9cile Salenave<\/strong><br>Directrice<\/p>\n<\/div>\n\n\n\n<div class=\"wp-block-column is-vertically-aligned-center is-layout-flow wp-block-column-is-layout-flow\">\n<p><strong>C\u00e9cile Salenave<\/strong><br>Professeur principal des 6<sup>\u00e8me<\/sup><\/p>\n\n\n\n<p><strong>Fran\u00e7ois Mar\u00e9chal<\/strong><br>Professeur principal des 5<sup>\u00e8me<\/sup><\/p>\n\n\n\n<p><strong>C\u00e9cile Foisil<\/strong><br>Professeur principal des 4<sup>\u00e8me<\/sup> et 3<sup>\u00e8me<\/sup><\/p>\n<\/div>\n\n\n\n<div class=\"wp-block-column is-layout-flow wp-block-column-is-layout-flow\"><div class=\"wp-block-image\">\n<figure class=\"aligncenter size-full\"><img loading=\"lazy\" decoding=\"async\" width=\"182\" height=\"216\" src=\"http:\/\/notredamedesflots-brest.com\/wp-content\/uploads\/2025\/03\/abbe_servigny.jpg\" alt=\"\" class=\"wp-image-354\"\/><\/figure>\n<\/div>\n\n\n<p class=\"has-text-align-center\"><strong>Abb\u00e9 de Servigny<\/strong><br>Aum\u00f4nier<\/p>\n<\/div>\n<\/div>\n<\/div>\n<\/div>\n\n\n\n<p><\/p>\n","protected":false},"excerpt":{"rendered":"<p>Projet p\u00e9dagogique Le projet p\u00e9dagogique du coll\u00e8ge Notre Dame des Flots repose sur une organisation rigoureuse qui respecte le rythme biologique des adolescents, avec un enseignement des mati\u00e8res fondamentales le matin pour favoriser la concentration et l\u2019apprentissage. L\u2019accent est mis sur les humanit\u00e9s et la culture g\u00e9n\u00e9rale, avec une s\u00e9lection rigoureuse des manuels et des&#8230;<\/p>\n","protected":false},"author":1,"featured_media":17,"parent":0,"menu_order":0,"comment_status":"closed","ping_status":"closed","template":"","meta":{"_kad_post_transparent":"","_kad_post_title":"","_kad_post_layout":"","_kad_post_sidebar_id":"","_kad_post_content_style":"","_kad_post_vertical_padding":"","_kad_post_feature":"","_kad_post_feature_position":"","_kad_post_header":false,"_kad_post_footer":false,"footnotes":""},"class_list":["post-96","page","type-page","status-publish","has-post-thumbnail","hentry"],"jetpack_sharing_enabled":true,"_links":{"self":[{"href":"https:\/\/notredamedesflots-brest.com\/index.php\/wp-json\/wp\/v2\/pages\/96","targetHints":{"allow":["GET"]}}],"collection":[{"href":"https:\/\/notredamedesflots-brest.com\/index.php\/wp-json\/wp\/v2\/pages"}],"about":[{"href":"https:\/\/notredamedesflots-brest.com\/index.php\/wp-json\/wp\/v2\/types\/page"}],"author":[{"embeddable":true,"href":"https:\/\/notredamedesflots-brest.com\/index.php\/wp-json\/wp\/v2\/users\/1"}],"replies":[{"embeddable":true,"href":"https:\/\/notredamedesflots-brest.com\/index.php\/wp-json\/wp\/v2\/comments?post=96"}],"version-history":[{"count":17,"href":"https:\/\/notredamedesflots-brest.com\/index.php\/wp-json\/wp\/v2\/pages\/96\/revisions"}],"predecessor-version":[{"id":476,"href":"https:\/\/notredamedesflots-brest.com\/index.php\/wp-json\/wp\/v2\/pages\/96\/revisions\/476"}],"wp:featuredmedia":[{"embeddable":true,"href":"https:\/\/notredamedesflots-brest.com\/index.php\/wp-json\/wp\/v2\/media\/17"}],"wp:attachment":[{"href":"https:\/\/notredamedesflots-brest.com\/index.php\/wp-json\/wp\/v2\/media?parent=96"}],"curies":[{"name":"wp","href":"https:\/\/api.w.org\/{rel}","templated":true}]}}